{"id":94,"date":"2023-11-03T19:15:27","date_gmt":"2023-11-03T17:15:27","guid":{"rendered":"https:\/\/joensuunkameraseura.fi\/?page_id=94"},"modified":"2025-03-15T19:34:06","modified_gmt":"2025-03-15T17:34:06","slug":"toiminta-lyhyesti","status":"publish","type":"page","link":"https:\/\/joensuunkameraseura.fi\/en\/toiminta-lyhyesti\/","title":{"rendered":"Toiminta lyhyesti"},"content":{"rendered":"<ul class=\"wp-block-list\">\n<li>Kokoonnumme talvikuukausina (kunkin kuukauden toisena keskiviikkona) kuukausitapaamiseen vaihtuvien teemojen \u00e4\u00e4relle nauttimaan kahvia ja jutelemaan mukavia. Tapaamispaikkana toimii Joensuun kansalaistalo Soroppi, Torikatu 30.<\/li>\n\n\n\n<li>Seurassa toimii kaksi kerhoa, Makrokerho ja N\u00e4yttelykuvaajat.<\/li>\n\n\n\n<li>Noin kerran kuukaudessa j\u00e4rjest\u00e4mme Lauantaik\u00e4velyn Joensuussa tai l\u00e4hialueella.<\/li>\n\n\n\n<li>Silloin t\u00e4ll\u00f6in j\u00e4rjest\u00e4mme valokuvaukseen liittyvi\u00e4 tapahtumia, koulutuksia ja teemme retki\u00e4.<\/li>\n\n\n\n<li>Joensuun kameraseuran j\u00e4senet ovat automaattisesti my\u00f6s&nbsp;<a href=\"https:\/\/www.sksl.fi\/\" data-type=\"link\" data-id=\"https:\/\/www.sksl.fi\/\" target=\"_blank\" rel=\"noopener\">Suomen kameraseurojen liiton<\/a> j\u00e4seni\u00e4 ja oikeutettuja osallistumaan valtakunnallisiin kilpailuihin.<\/li>\n\n\n\n<li>Lis\u00e4tietoa j\u00e4seneduista l\u00f6ytyy&nbsp;<a href=\"https:\/\/joensuunkameraseura.fi\/en\/jasenedut\/\" data-type=\"link\" data-id=\"https:\/\/joensuunkameraseura.fi\/jasenedut\/\">t\u00e4\u00e4lt\u00e4.<\/a><\/li>\n<\/ul>\n\n\n\n<p><\/p>","protected":false},"excerpt":{"rendered":"","protected":false},"author":3,"featured_media":0,"parent":0,"menu_order":0,"comment_status":"closed","ping_status":"closed","template":"","meta":{"ngg_post_thumbnail":0,"footnotes":""},"class_list":["post-94","page","type-page","status-publish","hentry"],"_links":{"self":[{"href":"https:\/\/joensuunkameraseura.fi\/en\/wp-json\/wp\/v2\/pages\/94","targetHints":{"allow":["GET"]}}],"collection":[{"href":"https:\/\/joensuunkameraseura.fi\/en\/wp-json\/wp\/v2\/pages"}],"about":[{"href":"https:\/\/joensuunkameraseura.fi\/en\/wp-json\/wp\/v2\/types\/page"}],"author":[{"embeddable":true,"href":"https:\/\/joensuunkameraseura.fi\/en\/wp-json\/wp\/v2\/users\/3"}],"replies":[{"embeddable":true,"href":"https:\/\/joensuunkameraseura.fi\/en\/wp-json\/wp\/v2\/comments?post=94"}],"version-history":[{"count":6,"href":"https:\/\/joensuunkameraseura.fi\/en\/wp-json\/wp\/v2\/pages\/94\/revisions"}],"predecessor-version":[{"id":931,"href":"https:\/\/joensuunkameraseura.fi\/en\/wp-json\/wp\/v2\/pages\/94\/revisions\/931"}],"wp:attachment":[{"href":"https:\/\/joensuunkameraseura.fi\/en\/wp-json\/wp\/v2\/media?parent=94"}],"curies":[{"name":"wp","href":"https:\/\/api.w.org\/{rel}","templated":true}]}}