{"id":83,"date":"2023-11-01T19:44:59","date_gmt":"2023-11-01T17:44:59","guid":{"rendered":"https:\/\/joensuunkameraseura.fi\/?page_id=83"},"modified":"2025-03-17T13:33:58","modified_gmt":"2025-03-17T11:33:58","slug":"yhdistys","status":"publish","type":"page","link":"https:\/\/joensuunkameraseura.fi\/en\/yhdistys\/","title":{"rendered":"Yhdistys"},"content":{"rendered":"<p>Joensuun kameraseura ry on perustettu vuonna 1969.<\/p>\n\n\n\n<p>Seuran kotipaikka on Joensuun ja p\u00e4\u00e4toiminta-alue Joensuun seutu sek\u00e4 koko Pohjois-Karjala.<\/p>\n\n\n\n<p>Seuran tarkoituksena on edist\u00e4\u00e4 valokuvausharrastusta ja mielenkiintoa sit\u00e4 kohtaan. Tarkoitusta toteuttaakseemme j\u00e4rjest\u00e4mme valokuvan\u00e4yttelyit\u00e4 ja -kilpailuja, keskustelu- ja koulutustilaisuuksia, esitelmi\u00e4 ja k\u00e4yt\u00e4nn\u00f6n harjoituksia sek\u00e4 mahdollisuuksien mukaan retki\u00e4 j\u00e4senille.<\/p>\n\n\n\n<p>J\u00e4seneksi voi liitty\u00e4 jokainen, joka hyv\u00e4ksyy yhdistyksen tarkoituksen ja&nbsp;<a href=\"https:\/\/joensuunkameraseura.fi\/en\/yhdistyksen-saannot\/\">s\u00e4\u00e4nn\u00f6t<\/a>. J\u00e4senille tarjoamme valokuvausharrastusta tukevia&nbsp;<a href=\"https:\/\/joensuunkameraseura.fi\/en\/jasenedut\/\" data-type=\"link\" data-id=\"https:\/\/joensuunkameraseura.fi\/jasenedut\/\">j\u00e4senetuja<\/a>. J\u00e4seni\u00e4 yhdistyksess\u00e4 on n. 60 hl\u00f6\u00e4 \u2013 liity mukaan valokuvauksen harrastajien joukkoon.<\/p>\n\n\n\n<p><\/p>\n\n\n\n<p><a href=\"https:\/\/joensuunkameraseura.fi\/en\/liity-jaseneksi\/\" data-type=\"link\" data-id=\"https:\/\/joensuunkameraseura.fi\/liity-jaseneksi\/\">J\u00e4senmaksut ja j\u00e4seneksi liittyminen<\/a><\/p>\n\n\n\n<p><a href=\"https:\/\/joensuunkameraseura.fi\/en\/2023\/11\/03\/toimihenkilot-2023-2024\/\">Seuran toimihenkil\u00f6t kaudella 2025-2026<\/a><\/p>\n\n\n\n<p><a href=\"https:\/\/joensuunkameraseura.fi\/wp-content\/uploads\/2023\/11\/Tietosuoja-ja-rekisteriseloste-JKS_5_9_2022_V1.pdf\" data-type=\"link\" data-id=\"https:\/\/joensuunkameraseura.fi\/wp-content\/uploads\/2023\/11\/Tietosuoja-ja-rekisteriseloste-JKS_5_9_2022_V1.pdf\">Rekisteri- ja tietosuojaseloste<\/a><\/p>\n\n\n<div class=\"wp-block-image\">\n<figure class=\"aligncenter size-full is-resized\"><img loading=\"lazy\" decoding=\"async\" width=\"512\" height=\"512\" src=\"https:\/\/joensuunkameraseura.fi\/wp-content\/uploads\/2023\/10\/cropped-cropped-LOGO7.jpg\" alt=\"\" class=\"wp-image-40\" style=\"width:226px;height:auto\" srcset=\"https:\/\/joensuunkameraseura.fi\/wp-content\/uploads\/2023\/10\/cropped-cropped-LOGO7.jpg 512w, https:\/\/joensuunkameraseura.fi\/wp-content\/uploads\/2023\/10\/cropped-cropped-LOGO7-300x300.jpg 300w, https:\/\/joensuunkameraseura.fi\/wp-content\/uploads\/2023\/10\/cropped-cropped-LOGO7-150x150.jpg 150w, https:\/\/joensuunkameraseura.fi\/wp-content\/uploads\/2023\/10\/cropped-cropped-LOGO7-80x80.jpg 80w, https:\/\/joensuunkameraseura.fi\/wp-content\/uploads\/2023\/10\/cropped-cropped-LOGO7-320x320.jpg 320w\" sizes=\"auto, (max-width: 512px) 100vw, 512px\" \/><\/figure>\n<\/div>","protected":false},"excerpt":{"rendered":"<p>Joensuun kameraseura ry on perustettu vuonna 1969. Seuran kotipaikka on Joensuun ja p\u00e4\u00e4toiminta-alue Joensuun seutu sek\u00e4 koko Pohjois-Karjala. Seuran tarkoituksena on edist\u00e4\u00e4 valokuvausharrastusta ja mielenkiintoa&#46;&#46;&#46;<\/p>","protected":false},"author":3,"featured_media":0,"parent":0,"menu_order":0,"comment_status":"closed","ping_status":"closed","template":"","meta":{"ngg_post_thumbnail":0,"footnotes":""},"class_list":["post-83","page","type-page","status-publish","hentry"],"_links":{"self":[{"href":"https:\/\/joensuunkameraseura.fi\/en\/wp-json\/wp\/v2\/pages\/83","targetHints":{"allow":["GET"]}}],"collection":[{"href":"https:\/\/joensuunkameraseura.fi\/en\/wp-json\/wp\/v2\/pages"}],"about":[{"href":"https:\/\/joensuunkameraseura.fi\/en\/wp-json\/wp\/v2\/types\/page"}],"author":[{"embeddable":true,"href":"https:\/\/joensuunkameraseura.fi\/en\/wp-json\/wp\/v2\/users\/3"}],"replies":[{"embeddable":true,"href":"https:\/\/joensuunkameraseura.fi\/en\/wp-json\/wp\/v2\/comments?post=83"}],"version-history":[{"count":7,"href":"https:\/\/joensuunkameraseura.fi\/en\/wp-json\/wp\/v2\/pages\/83\/revisions"}],"predecessor-version":[{"id":934,"href":"https:\/\/joensuunkameraseura.fi\/en\/wp-json\/wp\/v2\/pages\/83\/revisions\/934"}],"wp:attachment":[{"href":"https:\/\/joensuunkameraseura.fi\/en\/wp-json\/wp\/v2\/media?parent=83"}],"curies":[{"name":"wp","href":"https:\/\/api.w.org\/{rel}","templated":true}]}}