{"id":219,"date":"2023-11-12T12:30:01","date_gmt":"2023-11-12T10:30:01","guid":{"rendered":"https:\/\/joensuunkameraseura.fi\/?page_id=219"},"modified":"2024-02-11T19:12:33","modified_gmt":"2024-02-11T17:12:33","slug":"jasenille","status":"publish","type":"page","link":"https:\/\/joensuunkameraseura.fi\/en\/jasenille\/","title":{"rendered":"J\u00e4senille"},"content":{"rendered":"<div class=\"wp-block-columns is-layout-flex wp-container-core-columns-is-layout-9d6595d7 wp-block-columns-is-layout-flex\">\n<div class=\"wp-block-column is-layout-flow wp-block-column-is-layout-flow\" style=\"flex-basis:100%\">\n<p>Joensuun kameraseuran j\u00e4senen\u00e4 sinulla on k\u00e4yt\u00f6ss\u00e4si seuraavat <a href=\"https:\/\/joensuunkameraseura.fi\/en\/jasenedut\/\">j\u00e4senedut<\/a> ja t\u00e4\u00e4lt\u00e4 l\u00f6yd\u00e4t tietoa <a href=\"https:\/\/joensuunkameraseura.fi\/en\/liity-jaseneksi\/\">j\u00e4senmaksuista.<\/a><\/p>\n\n\n\n<p><a href=\"https:\/\/joensuunkameraseura.fi\/wp-content\/uploads\/2024\/02\/Joensuun-kameraseuran-saannot-2014.pdf\" data-type=\"link\" data-id=\"https:\/\/joensuunkameraseura.fi\/wp-content\/uploads\/2024\/02\/Joensuun-kameraseuran-saannot-2014.pdf\">Joensuun Kameraseura ry:n s\u00e4\u00e4nn\u00f6t.<\/a><\/p>\n\n\n\n<div style=\"height:26px\" aria-hidden=\"true\" class=\"wp-block-spacer\"><\/div>\n<\/div>\n<\/div>\n\n\n\n<p>Ilmoitathan yhteystietojesi (s\u00e4hk\u00f6posti, katuosoite yms.) muutokset t\u00e4ll\u00e4 lomakkeella: <a href=\"https:\/\/joensuunkameraseura.fi\/en\/osoitteenmuutos\/\" data-type=\"link\" data-id=\"https:\/\/joensuunkameraseura.fi\/osoitteenmuutos\/\">Osoitteenmuutosilmoitus<\/a><\/p>\n\n\n\n<div style=\"height:17px\" aria-hidden=\"true\" class=\"wp-block-spacer\"><\/div>\n\n\n\n<p>Kuukausitapaamisten muistiot l\u00f6ytyv\u00e4t <a href=\"https:\/\/joensuunkameraseura.fi\/en\/kuukausitapaamisten-muistiot\/\">t\u00e4\u00e4lt\u00e4<\/a> ja vuosikokousten p\u00f6yt\u00e4kirjat <a href=\"https:\/\/joensuunkameraseura.fi\/en\/vuosikokousten-poytakirjat\/\">t\u00e4\u00e4lt\u00e4<\/a>.<\/p>\n\n\n\n<div style=\"height:0px\" aria-hidden=\"true\" class=\"wp-block-spacer\"><\/div>","protected":false},"excerpt":{"rendered":"<p>Joensuun kameraseuran j\u00e4senen\u00e4 sinulla on k\u00e4yt\u00f6ss\u00e4si seuraavat j\u00e4senedut ja t\u00e4\u00e4lt\u00e4 l\u00f6yd\u00e4t tietoa j\u00e4senmaksuista. Joensuun Kameraseura ry:n s\u00e4\u00e4nn\u00f6t. Ilmoitathan yhteystietojesi (s\u00e4hk\u00f6posti, katuosoite yms.) muutokset t\u00e4ll\u00e4 lomakkeella:&#46;&#46;&#46;<\/p>","protected":false},"author":3,"featured_media":0,"parent":0,"menu_order":0,"comment_status":"closed","ping_status":"closed","template":"","meta":{"ngg_post_thumbnail":0,"footnotes":""},"class_list":["post-219","page","type-page","status-publish","hentry"],"_links":{"self":[{"href":"https:\/\/joensuunkameraseura.fi\/en\/wp-json\/wp\/v2\/pages\/219","targetHints":{"allow":["GET"]}}],"collection":[{"href":"https:\/\/joensuunkameraseura.fi\/en\/wp-json\/wp\/v2\/pages"}],"about":[{"href":"https:\/\/joensuunkameraseura.fi\/en\/wp-json\/wp\/v2\/types\/page"}],"author":[{"embeddable":true,"href":"https:\/\/joensuunkameraseura.fi\/en\/wp-json\/wp\/v2\/users\/3"}],"replies":[{"embeddable":true,"href":"https:\/\/joensuunkameraseura.fi\/en\/wp-json\/wp\/v2\/comments?post=219"}],"version-history":[{"count":13,"href":"https:\/\/joensuunkameraseura.fi\/en\/wp-json\/wp\/v2\/pages\/219\/revisions"}],"predecessor-version":[{"id":553,"href":"https:\/\/joensuunkameraseura.fi\/en\/wp-json\/wp\/v2\/pages\/219\/revisions\/553"}],"wp:attachment":[{"href":"https:\/\/joensuunkameraseura.fi\/en\/wp-json\/wp\/v2\/media?parent=219"}],"curies":[{"name":"wp","href":"https:\/\/api.w.org\/{rel}","templated":true}]}}