{"id":178,"date":"2023-11-12T10:37:12","date_gmt":"2023-11-12T08:37:12","guid":{"rendered":"https:\/\/joensuunkameraseura.fi\/?page_id=178"},"modified":"2025-10-12T20:08:34","modified_gmt":"2025-10-12T17:08:34","slug":"yleiset-kilpailusaannot","status":"publish","type":"page","link":"https:\/\/joensuunkameraseura.fi\/en\/yleiset-kilpailusaannot\/","title":{"rendered":"Yleiset kilpailus\u00e4\u00e4nn\u00f6t"},"content":{"rendered":"<p class=\"has-text-align-left\">Seuran sis\u00e4isiss\u00e4 kilpailuissa noudatetaan seuraavia yleisi\u00e4 kilpailus\u00e4\u00e4nt\u00f6j\u00e4 (ellei yksitt\u00e4isen kilpailun kohdalla muuta erikseen mainita). <\/p>\n\n\n\n<p class=\"has-text-align-left\">Yleiset kilpailus\u00e4\u00e4nn\u00f6t ovat seuraavat:<\/p>\n\n\n\n<ul class=\"wp-block-list\">\n<li>Teko\u00e4lyll\u00e4 tai sill\u00e4 tuotettuja kuvaelementtej\u00e4 eli kuvan osia sis\u00e4lt\u00e4vi\u00e4 kuvia ei sallita ellei erikseen kilpailus\u00e4\u00e4nn\u00f6iss\u00e4 niin mainita<\/li>\n\n\n\n<li>Kilpailukuvan ja\/tai kaikkien sen osien tulee olla kilpailijan itsens\u00e4 ottam(i)a ja k\u00e4sittelem(i)\u00e4 valokuv(i)a<\/li>\n\n\n\n<li>Ellei erikseen ennakkoon mainita, kisakuvat voivat olla kuvaajan itsens\u00e4 kuvank\u00e4sittelyll\u00e4 manipuloimia<\/li>\n\n\n\n<li>Erillisell\u00e4 maininnalla LUOMU \u2013merkittyihin kisoihin ja kisa-aiheisiin j\u00e4tettyj\u00e4 kuvia puolestaan ei saa manipuloida vaan noudatetaan ns. luomus\u00e4\u00e4nt\u00f6j\u00e4 eli kennoroskat saa poistaa ja kohtuullinen kuvank\u00e4sittely eli s\u00e4\u00e4t\u00e4minen on sallittua. LUOMU-kilpailuun tai aiheeseen ei voi osallistua fotomontaaseilla, trikkikuvilla tai muutoin manipuloiduilla kuvilla. Lis\u00e4ksi kuvan alkuper\u00e4isen sis\u00e4ll\u00f6n muuttaminen on kielletty kuvaelementtej\u00e4 siirt\u00e4m\u00e4ll\u00e4, lis\u00e4\u00e4m\u00e4ll\u00e4 tai poistamalla. <strong>S\u00e4\u00e4t\u00f6- ja k\u00e4sittelyohjeet l\u00f6ytyv\u00e4t<\/strong> <a href=\"https:\/\/joensuunkameraseura.fi\/en\/2025\/10\/12\/luomu-kuvien-saato-ja-kasittelyohjeet\/\" data-type=\"link\" data-id=\"https:\/\/joensuunkameraseura.fi\/2025\/10\/12\/luomu-kuvien-saato-ja-kasittelyohjeet\/\">t\u00e4\u00e4lt\u00e4<\/a>.<\/li>\n\n\n\n<li>Kilpailukuvan leveys saa olla max 1920 pikseli\u00e4 ja korkeus max 1080 px ja kuvatiedoston toivotaan olevan mahdollisimman hyv\u00e4laatuinen jpg-kuva. Kuvatiedoston maksimikoko on 2 Mt (v\u00e4riprofiili sRBG tai AdobeRGB). N\u00e4m\u00e4 vaatimukset ovat samat kuin useimmissa julkisissa digikilpailussa.<\/li>\n\n\n\n<li>Kuhunkin kilpailuun voi j\u00e4tt\u00e4\u00e4 maksimissaan 4 (nelj\u00e4) kuvaa. Mik\u00e4li kilpailussa on useampi sarja voi j\u00e4tt\u00e4\u00e4 maksimissaan 4 (nelj\u00e4) kuvaa \/ sarja ellei erikseen muuta mainita. FotoMaraton kilpailussa voi j\u00e4tt\u00e4\u00e4 vain yhden kuvan per aihe.<\/li>\n\n\n\n<li>M\u00e4\u00e4r\u00e4ttyyn aiheeseen j\u00e4tetyn kisakuvan tulee kuvastaa aihetta, muutoin kuva hyl\u00e4t\u00e4\u00e4n.<\/li>\n\n\n\n<li>Kilpailujen nimetyt kuvatiedostot tulee tallettaa niille varattuun kuvakansioon \u2013 osoite kerrotaan kilpailutiedottamisen yhteydess\u00e4.<\/li>\n\n\n\n<li>Osallistumalla kilpailuun osallistuja antaa Joensuun kameraseuralle oikeuden julkaista kilpailukuvansa tulosjulkistukseen liittyv\u00e4n julkisen tiedottamisen yhteydess\u00e4 verkkosivuilla ja sosiaalisessa mediassa sek\u00e4 s\u00e4ilytt\u00e4\u00e4 kilpailukuvaa 12 kk:n ajan, jotta seuran j\u00e4senet voivat j\u00e4lkik\u00e4teen tarkastella kilpailuun j\u00e4tettyj\u00e4 kuvia. Joensuun kameraseura ry ei ota vastuuta mist\u00e4\u00e4n tekij\u00e4noikeuksien v\u00e4\u00e4rink\u00e4yt\u00f6st\u00e4.<\/li>\n<\/ul>\n\n\n\n<p>N\u00e4m\u00e4 s\u00e4\u00e4nn\u00f6t astuvat voimaan 1.1.2025.<\/p>\n\n\n\n<p><br>Joensuun kameraseuran hallitus<\/p>","protected":false},"excerpt":{"rendered":"<p>Seuran sis\u00e4isiss\u00e4 kilpailuissa noudatetaan seuraavia yleisi\u00e4 kilpailus\u00e4\u00e4nt\u00f6j\u00e4 (ellei yksitt\u00e4isen kilpailun kohdalla muuta erikseen mainita). Yleiset kilpailus\u00e4\u00e4nn\u00f6t ovat seuraavat: N\u00e4m\u00e4 s\u00e4\u00e4nn\u00f6t astuvat voimaan 1.1.2025. Joensuun kameraseuran&#46;&#46;&#46;<\/p>","protected":false},"author":3,"featured_media":0,"parent":0,"menu_order":0,"comment_status":"closed","ping_status":"closed","template":"","meta":{"ngg_post_thumbnail":0,"footnotes":""},"class_list":["post-178","page","type-page","status-publish","hentry"],"_links":{"self":[{"href":"https:\/\/joensuunkameraseura.fi\/en\/wp-json\/wp\/v2\/pages\/178","targetHints":{"allow":["GET"]}}],"collection":[{"href":"https:\/\/joensuunkameraseura.fi\/en\/wp-json\/wp\/v2\/pages"}],"about":[{"href":"https:\/\/joensuunkameraseura.fi\/en\/wp-json\/wp\/v2\/types\/page"}],"author":[{"embeddable":true,"href":"https:\/\/joensuunkameraseura.fi\/en\/wp-json\/wp\/v2\/users\/3"}],"replies":[{"embeddable":true,"href":"https:\/\/joensuunkameraseura.fi\/en\/wp-json\/wp\/v2\/comments?post=178"}],"version-history":[{"count":3,"href":"https:\/\/joensuunkameraseura.fi\/en\/wp-json\/wp\/v2\/pages\/178\/revisions"}],"predecessor-version":[{"id":1037,"href":"https:\/\/joensuunkameraseura.fi\/en\/wp-json\/wp\/v2\/pages\/178\/revisions\/1037"}],"wp:attachment":[{"href":"https:\/\/joensuunkameraseura.fi\/en\/wp-json\/wp\/v2\/media?parent=178"}],"curies":[{"name":"wp","href":"https:\/\/api.w.org\/{rel}","templated":true}]}}