{"id":163,"date":"2023-11-12T10:11:00","date_gmt":"2023-11-12T08:11:00","guid":{"rendered":"https:\/\/joensuunkameraseura.fi\/?page_id=163"},"modified":"2023-11-12T14:48:53","modified_gmt":"2023-11-12T12:48:53","slug":"jasenedut","status":"publish","type":"page","link":"https:\/\/joensuunkameraseura.fi\/en\/jasenedut\/","title":{"rendered":"J\u00e4senedut"},"content":{"rendered":"<p><strong>Liittym\u00e4ll\u00e4 Joensuun kameraseuraan saat seuraavat j\u00e4senedut<\/strong>:<\/p>\n\n\n\n<ol class=\"wp-block-list\">\n<li><strong>J\u00e4senilloissa<\/strong>&nbsp;(alkusyksyst\u00e4 loppukev\u00e4\u00e4seen)&nbsp;<strong>kerran kuukaudessa<\/strong>&nbsp;tapaat muita valokuvaushenkisi\u00e4 j\u00e4seni\u00e4, saat hy\u00f6dyllist\u00e4 tietoa valokuvauksesta ja tapahtumista sek\u00e4 n\u00e4et kuvaesityksi\u00e4 ja saat tietoa seuran ajankohtaisista asioista.<\/li>\n\n\n\n<li>Joensuun Kameraseura ry:n omaa tuotantoa olevien&nbsp;<strong>retki \u2013 ja muiden aktiviteettien tarjonnan<\/strong>. Retkiss\u00e4 on usein pieni omavastuuosuus esim. kuljetuskustannusten kattamiseen.<\/li>\n\n\n\n<li>L\u00e4hes kaikki joensuulaiset valokuvausliikkeet antavat&nbsp;<strong>tuotteistaan alennusta<\/strong>&nbsp;kameraseuran j\u00e4senille.<\/li>\n\n\n\n<li>Joensuun Kameraseura on <a href=\"https:\/\/www.sksl.fi\/\" data-type=\"link\" data-id=\"https:\/\/www.sksl.fi\/\" target=\"_blank\" rel=\"noopener\">Suomen Kameraseurojen liitto ry<\/a>:n (SKsL) j\u00e4sen, joten seuran j\u00e4senen\u00e4 saat oikeuden osallistua liiton vuosin\u00e4yttelyyn kev\u00e4\u00e4ll\u00e4 ja teeman\u00e4yttelyyn syksyll\u00e4 sek\u00e4 SKsL:n ja <a href=\"https:\/\/www.fiap.net\/en\" data-type=\"link\" data-id=\"https:\/\/www.fiap.net\/en\" target=\"_blank\" rel=\"noopener\">kansainv\u00e4lisen taidevalokuvausj\u00e4rjest\u00f6n FIAP<\/a>:n yhdistettyyn Seuracupiin. Voit osallistua my\u00f6s kansainv\u00e4lisiin n\u00e4yttelyihin ja tavoitella liiton my\u00f6nt\u00e4mi\u00e4 arvonimi\u00e4 ja kansainv\u00e4lisi\u00e4 valokuvaajan arvonimi\u00e4. Saat siis oikeuden l\u00e4hett\u00e4\u00e4 kuvasi arvioitavaksi FIAP:n suojelemiin n\u00e4yttelyihin kotimaassa ja ulkomailla. FIAP:n tai SKsL:n n\u00e4yttelyihin t\u00f6it\u00e4\u00e4n tarjonnut saa aina (usein huippulaatuisen) kuvakirjan tai n\u00e4yttelyluettelon, johon on koottu parhaimmat n\u00e4yttelykuvat.<\/li>\n\n\n\n<li>Kattavan SKsL:n j\u00e4senyyden my\u00f6t\u00e4 saamme taloudellista ja muuta tukea alueellisten koulutustapahtumien j\u00e4rjest\u00e4miseen.&nbsp;<\/li>\n\n\n\n<li>Oikeuden osallistua SKsL:n j\u00e4rjest\u00e4mille kursseille ja koulutustapahtumiin.<\/li>\n<\/ol>","protected":false},"excerpt":{"rendered":"<p>Liittym\u00e4ll\u00e4 Joensuun kameraseuraan saat seuraavat j\u00e4senedut:<\/p>","protected":false},"author":3,"featured_media":0,"parent":0,"menu_order":0,"comment_status":"closed","ping_status":"closed","template":"","meta":{"ngg_post_thumbnail":0,"footnotes":""},"class_list":["post-163","page","type-page","status-publish","hentry"],"_links":{"self":[{"href":"https:\/\/joensuunkameraseura.fi\/en\/wp-json\/wp\/v2\/pages\/163","targetHints":{"allow":["GET"]}}],"collection":[{"href":"https:\/\/joensuunkameraseura.fi\/en\/wp-json\/wp\/v2\/pages"}],"about":[{"href":"https:\/\/joensuunkameraseura.fi\/en\/wp-json\/wp\/v2\/types\/page"}],"author":[{"embeddable":true,"href":"https:\/\/joensuunkameraseura.fi\/en\/wp-json\/wp\/v2\/users\/3"}],"replies":[{"embeddable":true,"href":"https:\/\/joensuunkameraseura.fi\/en\/wp-json\/wp\/v2\/comments?post=163"}],"version-history":[{"count":2,"href":"https:\/\/joensuunkameraseura.fi\/en\/wp-json\/wp\/v2\/pages\/163\/revisions"}],"predecessor-version":[{"id":270,"href":"https:\/\/joensuunkameraseura.fi\/en\/wp-json\/wp\/v2\/pages\/163\/revisions\/270"}],"wp:attachment":[{"href":"https:\/\/joensuunkameraseura.fi\/en\/wp-json\/wp\/v2\/media?parent=163"}],"curies":[{"name":"wp","href":"https:\/\/api.w.org\/{rel}","templated":true}]}}