{"id":152,"date":"2023-11-11T18:54:42","date_gmt":"2023-11-11T16:54:42","guid":{"rendered":"https:\/\/joensuunkameraseura.fi\/?page_id=152"},"modified":"2025-12-18T21:21:39","modified_gmt":"2025-12-18T19:21:39","slug":"vuoden-kuva","status":"publish","type":"page","link":"https:\/\/joensuunkameraseura.fi\/en\/vuoden-kuva\/","title":{"rendered":"Vuoden kuva"},"content":{"rendered":"<p><a href=\"https:\/\/joensuunkameraseura.fi\/en\/2025\/12\/15\/vuoden-kuva-2025\/\" data-type=\"link\" data-id=\"https:\/\/joensuunkameraseura.fi\/2025\/12\/15\/vuoden-kuva-2025\/\">Vuoden kuva 2025<\/a><\/p>\n\n\n\n<p>Vuoden kuva -kilpailu on jatkoa FotoMaratonille. Osallistumalla FotoMaratoniin olet automaattisesti mukana my\u00f6s Vuoden kuva -kilpailussa.<\/p>\n\n\n\n<p>FotoMaratonin kustakin aiheesta valitaan kolme parasta jatkoon Vuoden kuva -kilpailuun. Koska Fotomaratonissa on 10 aihetta, p\u00e4\u00e4see jatkoon kaikkiaan 30 kuvaa ehdolle Vuoden kuvaksi. N\u00e4in yhdell\u00e4kin hyv\u00e4ll\u00e4 kuvalla on mahdollista tulla valituksi Vuoden kuvaksi.<\/p>\n\n\n\n<p>Kannattaa siis osallistua FotoMaraton kisaan, olet kuvilla mukana kahdessa kilpailussa.<\/p>\n\n\n\n<p>Vuoden kuvan valitsee seuran ulkopuolinen tuomari.<\/p>\n\n\n\n<p><a href=\"https:\/\/joensuunkameraseura.fi\/en\/2024\/12\/29\/vuoden-kuva-2024\/\" data-type=\"link\" data-id=\"https:\/\/joensuunkameraseura.fi\/2024\/12\/29\/vuoden-kuva-2024\/\">Vuoden kuva 2024<\/a><\/p>\n\n\n\n<p><a href=\"https:\/\/joensuunkameraseura.fi\/en\/2024\/01\/09\/vuoden-kuva-2023-tulokset\/\" data-type=\"link\" data-id=\"joensuunkameraseura.fi\/joekms\/2024\/01\/09\/vuoden-kuva-2023-tulokset\/\">Vuoden kuva 2023<\/a><\/p>","protected":false},"excerpt":{"rendered":"<p>Vuoden kuva 2025 Vuoden kuva -kilpailu on jatkoa FotoMaratonille. Osallistumalla FotoMaratoniin olet automaattisesti mukana my\u00f6s Vuoden kuva -kilpailussa. FotoMaratonin kustakin aiheesta valitaan kolme parasta jatkoon&#46;&#46;&#46;<\/p>","protected":false},"author":3,"featured_media":0,"parent":0,"menu_order":0,"comment_status":"closed","ping_status":"closed","template":"","meta":{"ngg_post_thumbnail":0,"footnotes":""},"class_list":["post-152","page","type-page","status-publish","hentry"],"_links":{"self":[{"href":"https:\/\/joensuunkameraseura.fi\/en\/wp-json\/wp\/v2\/pages\/152","targetHints":{"allow":["GET"]}}],"collection":[{"href":"https:\/\/joensuunkameraseura.fi\/en\/wp-json\/wp\/v2\/pages"}],"about":[{"href":"https:\/\/joensuunkameraseura.fi\/en\/wp-json\/wp\/v2\/types\/page"}],"author":[{"embeddable":true,"href":"https:\/\/joensuunkameraseura.fi\/en\/wp-json\/wp\/v2\/users\/3"}],"replies":[{"embeddable":true,"href":"https:\/\/joensuunkameraseura.fi\/en\/wp-json\/wp\/v2\/comments?post=152"}],"version-history":[{"count":5,"href":"https:\/\/joensuunkameraseura.fi\/en\/wp-json\/wp\/v2\/pages\/152\/revisions"}],"predecessor-version":[{"id":1210,"href":"https:\/\/joensuunkameraseura.fi\/en\/wp-json\/wp\/v2\/pages\/152\/revisions\/1210"}],"wp:attachment":[{"href":"https:\/\/joensuunkameraseura.fi\/en\/wp-json\/wp\/v2\/media?parent=152"}],"curies":[{"name":"wp","href":"https:\/\/api.w.org\/{rel}","templated":true}]}}