{"id":142,"date":"2023-11-11T18:39:59","date_gmt":"2023-11-11T16:39:59","guid":{"rendered":"https:\/\/joensuunkameraseura.fi\/?page_id=142"},"modified":"2026-01-09T08:21:56","modified_gmt":"2026-01-09T06:21:56","slug":"fotomaraton","status":"publish","type":"page","link":"https:\/\/joensuunkameraseura.fi\/en\/fotomaraton\/","title":{"rendered":"FotoMaraton"},"content":{"rendered":"<div class=\"wp-block-columns is-layout-flex wp-container-core-columns-is-layout-9d6595d7 wp-block-columns-is-layout-flex\">\n<div class=\"wp-block-column is-layout-flow wp-block-column-is-layout-flow\" style=\"flex-basis:66.66%\">\n<h6 class=\"wp-block-heading\">Mik\u00e4 on FotoMaraton?<\/h6>\n\n\n\n<p>FotoMaratonin ideana on aktivoida j\u00e4seni\u00e4 kuvaamaan pitkin vuotta m\u00e4\u00e4r\u00e4ttyihin aiheisiin (10 kpl) sopivia kuvia \u2013 aiheet m\u00e4\u00e4r\u00e4\u00e4 hallitus kunkin kisakauden alussa ja tiedottaa j\u00e4senille. Kilpailussa noudatetaan <a href=\"https:\/\/joensuunkameraseura.fi\/en\/yleiset-kilpailusaannot\/\" data-type=\"link\" data-id=\"https:\/\/joensuunkameraseura.fi\/yleiset-kilpailusaannot\/\">yleisi\u00e4 kilpailus\u00e4\u00e4nt\u00f6j\u00e4.<\/a><\/p>\n\n\n\n<p>Kuvaaja voi osallistua kisaan yhdell\u00e4 kuvalla\/aihe. Kaikkiin aiheisiin ei ole pakko j\u00e4tt\u00e4\u00e4 kuvaa vaan kuvaaja voi valita mieluisat aiheet.<\/p>\n\n\n\n<p>FotoMaraton kuvien j\u00e4tt\u00f6aika on loppuvuodesta.<\/p>\n<\/div>\n\n\n\n<div class=\"wp-block-column is-layout-flow wp-block-column-is-layout-flow\" style=\"flex-basis:33.33%\">\n<p><\/p>\n\n\n\n<p><a href=\"https:\/\/joensuunkameraseura.fi\/en\/2025\/12\/15\/fotomaraton-2025-on-ratkennut\/\" data-type=\"link\" data-id=\"https:\/\/joensuunkameraseura.fi\/2025\/12\/15\/fotomaraton-2025-on-ratkennut\/\">FotoMaraton 2025 -tulokset<\/a><\/p>\n\n\n\n<p><a href=\"https:\/\/joensuunkameraseura.fi\/en\/2024\/12\/29\/fotomaraton-2024-tulokset\/\" data-type=\"link\" data-id=\"https:\/\/joensuunkameraseura.fi\/2024\/12\/29\/fotomaraton-2024-tulokset\/\">FotoMaraton 2024 -tulokset<\/a><\/p>\n\n\n\n<p><a href=\"https:\/\/joensuunkameraseura.fi\/en\/2024\/01\/09\/fotomaraton-2023-tulokset\/\" data-type=\"link\" data-id=\"https:\/\/joensuunkameraseura.fi\/2024\/01\/09\/fotomaraton-2023-tulokset\/\">FotoMaraton 2023 -tulokset<\/a><\/p>\n<\/div>\n<\/div>\n\n\n\n<h6 class=\"wp-block-heading\">Arviointi<\/h6>\n\n\n\n<p>Kunkin aiheen kuvat pisteytet\u00e4\u00e4n seuraavasti:<\/p>\n\n\n\n<p>Voittajakuva saa kyseiseen aiheeseen osallistuneiden kuvien kappalem\u00e4\u00e4r\u00e4n verran pisteit\u00e4, toiseksi sijoittunut kuva saa pisteen v\u00e4hemm\u00e4n jne.<\/p>\n\n\n\n<p>Jos esimerkiksi aiheeseen 1 on saapunut viisi kuvaa, saa voittajakuva 5 p, toiseksi sijoittunut 4 p, kolmanneksi 3 p jne. Poisj\u00e4tetty aihekuva saa nolla pistett\u00e4.<\/p>\n\n\n\n<p>Kaikista aiheista saadut pisteet\/kuvaaja lasketaan yhteen. Eniten pisteit\u00e4 ker\u00e4nnyt kuvaaja voittaa FotoMaratonin.<\/p>\n\n\n\n<p>Tulosjulkistuksessa kolmea parasta kuvaajaa pyydet\u00e4\u00e4n kertomaan valitsemiensa kuvien taustoista, kuvaustilanteesta sek\u00e4 haasteista joita mahdollisesti on kuvaa ottaessaan kohdannut.<\/p>","protected":false},"excerpt":{"rendered":"<p>Mik\u00e4 on FotoMaraton? FotoMaratonin ideana on aktivoida j\u00e4seni\u00e4 kuvaamaan pitkin vuotta m\u00e4\u00e4r\u00e4ttyihin aiheisiin (10 kpl) sopivia kuvia \u2013 aiheet m\u00e4\u00e4r\u00e4\u00e4 hallitus kunkin kisakauden alussa ja&#46;&#46;&#46;<\/p>","protected":false},"author":3,"featured_media":0,"parent":0,"menu_order":0,"comment_status":"closed","ping_status":"closed","template":"","meta":{"ngg_post_thumbnail":0,"footnotes":""},"class_list":["post-142","page","type-page","status-publish","hentry"],"_links":{"self":[{"href":"https:\/\/joensuunkameraseura.fi\/en\/wp-json\/wp\/v2\/pages\/142","targetHints":{"allow":["GET"]}}],"collection":[{"href":"https:\/\/joensuunkameraseura.fi\/en\/wp-json\/wp\/v2\/pages"}],"about":[{"href":"https:\/\/joensuunkameraseura.fi\/en\/wp-json\/wp\/v2\/types\/page"}],"author":[{"embeddable":true,"href":"https:\/\/joensuunkameraseura.fi\/en\/wp-json\/wp\/v2\/users\/3"}],"replies":[{"embeddable":true,"href":"https:\/\/joensuunkameraseura.fi\/en\/wp-json\/wp\/v2\/comments?post=142"}],"version-history":[{"count":17,"href":"https:\/\/joensuunkameraseura.fi\/en\/wp-json\/wp\/v2\/pages\/142\/revisions"}],"predecessor-version":[{"id":1225,"href":"https:\/\/joensuunkameraseura.fi\/en\/wp-json\/wp\/v2\/pages\/142\/revisions\/1225"}],"wp:attachment":[{"href":"https:\/\/joensuunkameraseura.fi\/en\/wp-json\/wp\/v2\/media?parent=142"}],"curies":[{"name":"wp","href":"https:\/\/api.w.org\/{rel}","templated":true}]}}