{"id":136,"date":"2023-11-11T18:30:38","date_gmt":"2023-11-11T16:30:38","guid":{"rendered":"https:\/\/joensuunkameraseura.fi\/?page_id=136"},"modified":"2026-01-09T08:19:37","modified_gmt":"2026-01-09T06:19:37","slug":"syys-ja-kevatkilpailu","status":"publish","type":"page","link":"https:\/\/joensuunkameraseura.fi\/en\/syys-ja-kevatkilpailu\/","title":{"rendered":"Kes\u00e4- ja talvikisa"},"content":{"rendered":"<p><a href=\"https:\/\/joensuunkameraseura.fi\/en\/2025\/12\/07\/talvikilpailu-alkaa-aiheena-ilmastonmuutos-talven-hiljainen-kapina\/\" data-type=\"link\" data-id=\"https:\/\/joensuunkameraseura.fi\/2025\/12\/07\/talvikilpailu-alkaa-aiheena-ilmastonmuutos-talven-hiljainen-kapina\/\">Talvikisa 2026<\/a><\/p>\n\n\n\n<p>Kilpailuissa noudatetaan&nbsp;<a href=\"https:\/\/joensuunkameraseura.fi\/en\/yleiset-kilpailusaannot\/\" data-type=\"link\" data-id=\"https:\/\/joensuunkameraseura.fi\/yleiset-kilpailusaannot\/\">yleisi\u00e4 kilpailus\u00e4\u00e4nt\u00f6j\u00e4<\/a>.<\/p>\n\n\n\n<p>Kes\u00e4kisakuvan tulee olla kuvattu aikav\u00e4lill\u00e4 1.4. &#8211; 30.9. kuluvana vuonna. Talvikuvakisassa ei ole p\u00e4iv\u00e4m\u00e4\u00e4r\u00e4rajausta.<\/p>\n\n\n\n<p><a href=\"https:\/\/joensuunkameraseura.fi\/en\/2025\/11\/19\/kesakisan-2025-tulokset\/\" data-type=\"link\" data-id=\"https:\/\/joensuunkameraseura.fi\/2025\/11\/19\/kesakisan-2025-tulokset\/\">Kes\u00e4kisa 2025, tulokset<\/a><\/p>","protected":false},"excerpt":{"rendered":"<p>Talvikisa 2026 Kilpailuissa noudatetaan&nbsp;yleisi\u00e4 kilpailus\u00e4\u00e4nt\u00f6j\u00e4. Kes\u00e4kisakuvan tulee olla kuvattu aikav\u00e4lill\u00e4 1.4. &#8211; 30.9. kuluvana vuonna. Talvikuvakisassa ei ole p\u00e4iv\u00e4m\u00e4\u00e4r\u00e4rajausta. Kes\u00e4kisa 2025, tulokset<\/p>","protected":false},"author":3,"featured_media":0,"parent":0,"menu_order":0,"comment_status":"closed","ping_status":"closed","template":"","meta":{"ngg_post_thumbnail":0,"footnotes":""},"class_list":["post-136","page","type-page","status-publish","hentry"],"_links":{"self":[{"href":"https:\/\/joensuunkameraseura.fi\/en\/wp-json\/wp\/v2\/pages\/136","targetHints":{"allow":["GET"]}}],"collection":[{"href":"https:\/\/joensuunkameraseura.fi\/en\/wp-json\/wp\/v2\/pages"}],"about":[{"href":"https:\/\/joensuunkameraseura.fi\/en\/wp-json\/wp\/v2\/types\/page"}],"author":[{"embeddable":true,"href":"https:\/\/joensuunkameraseura.fi\/en\/wp-json\/wp\/v2\/users\/3"}],"replies":[{"embeddable":true,"href":"https:\/\/joensuunkameraseura.fi\/en\/wp-json\/wp\/v2\/comments?post=136"}],"version-history":[{"count":13,"href":"https:\/\/joensuunkameraseura.fi\/en\/wp-json\/wp\/v2\/pages\/136\/revisions"}],"predecessor-version":[{"id":1223,"href":"https:\/\/joensuunkameraseura.fi\/en\/wp-json\/wp\/v2\/pages\/136\/revisions\/1223"}],"wp:attachment":[{"href":"https:\/\/joensuunkameraseura.fi\/en\/wp-json\/wp\/v2\/media?parent=136"}],"curies":[{"name":"wp","href":"https:\/\/api.w.org\/{rel}","templated":true}]}}