{"id":133,"date":"2023-11-11T18:24:54","date_gmt":"2023-11-11T16:24:54","guid":{"rendered":"https:\/\/joensuunkameraseura.fi\/?page_id=133"},"modified":"2025-05-08T18:59:08","modified_gmt":"2025-05-08T15:59:08","slug":"kilpailut","status":"publish","type":"page","link":"https:\/\/joensuunkameraseura.fi\/en\/kilpailut\/","title":{"rendered":"Kilpailut"},"content":{"rendered":"<p>Joensuun kameraseura j\u00e4rjest\u00e4\u00e4 vuosittain kaksi pienemp\u00e4\u00e4 kilpailua ja yhden toimintavuoden kattavan kilpailun. Lis\u00e4ksi valitaan Vuoden kuva. Seuran sis\u00e4isiss\u00e4 kilpailuissa noudatetaan yleisi\u00e4 s\u00e4\u00e4nt\u00f6j\u00e4 ellei toisin mainita.<\/p>\n\n\n\n<p><strong>Joensuun kameraseuran sis\u00e4iset kilpailut ovat<\/strong>:<\/p>\n\n\n\n<ul class=\"wp-block-list\">\n<li><strong><a href=\"https:\/\/joensuunkameraseura.fi\/en\/syys-ja-kevatkilpailu\/\">Kes\u00e4- ja talvikilpailu<\/a><\/strong><\/li>\n\n\n\n<li><strong><a href=\"https:\/\/joensuunkameraseura.fi\/en\/fotomaraton\/\">FotoMaraton<\/a><\/strong><\/li>\n\n\n\n<li><strong><a href=\"https:\/\/joensuunkameraseura.fi\/en\/vuoden-kuva\/\">Vuoden Kuva<\/a><\/strong><\/li>\n<\/ul>","protected":false},"excerpt":{"rendered":"<p>Joensuun kameraseura j\u00e4rjest\u00e4\u00e4 vuosittain kaksi pienemp\u00e4\u00e4 kilpailua ja yhden toimintavuoden kattavan kilpailun. Lis\u00e4ksi valitaan Vuoden kuva. Seuran sis\u00e4isiss\u00e4 kilpailuissa noudatetaan yleisi\u00e4 s\u00e4\u00e4nt\u00f6j\u00e4 ellei toisin mainita.&#46;&#46;&#46;<\/p>","protected":false},"author":3,"featured_media":0,"parent":0,"menu_order":0,"comment_status":"closed","ping_status":"closed","template":"","meta":{"ngg_post_thumbnail":0,"footnotes":""},"class_list":["post-133","page","type-page","status-publish","hentry"],"_links":{"self":[{"href":"https:\/\/joensuunkameraseura.fi\/en\/wp-json\/wp\/v2\/pages\/133","targetHints":{"allow":["GET"]}}],"collection":[{"href":"https:\/\/joensuunkameraseura.fi\/en\/wp-json\/wp\/v2\/pages"}],"about":[{"href":"https:\/\/joensuunkameraseura.fi\/en\/wp-json\/wp\/v2\/types\/page"}],"author":[{"embeddable":true,"href":"https:\/\/joensuunkameraseura.fi\/en\/wp-json\/wp\/v2\/users\/3"}],"replies":[{"embeddable":true,"href":"https:\/\/joensuunkameraseura.fi\/en\/wp-json\/wp\/v2\/comments?post=133"}],"version-history":[{"count":5,"href":"https:\/\/joensuunkameraseura.fi\/en\/wp-json\/wp\/v2\/pages\/133\/revisions"}],"predecessor-version":[{"id":983,"href":"https:\/\/joensuunkameraseura.fi\/en\/wp-json\/wp\/v2\/pages\/133\/revisions\/983"}],"wp:attachment":[{"href":"https:\/\/joensuunkameraseura.fi\/en\/wp-json\/wp\/v2\/media?parent=133"}],"curies":[{"name":"wp","href":"https:\/\/api.w.org\/{rel}","templated":true}]}}