{"id":113,"date":"2023-11-03T19:52:46","date_gmt":"2023-11-03T17:52:46","guid":{"rendered":"https:\/\/joensuunkameraseura.fi\/?page_id=113"},"modified":"2025-10-12T20:12:21","modified_gmt":"2025-10-12T17:12:21","slug":"yhteystiedot","status":"publish","type":"page","link":"https:\/\/joensuunkameraseura.fi\/en\/yhteystiedot\/","title":{"rendered":"Yhteystiedot"},"content":{"rendered":"<p>S\u00e4hk\u00f6posti: joensuunkameraseura (at) gmail.com<\/p>\n\n\n\n<p>Nettisivut: <a href=\"https:\/\/joensuunkameraseura.fi\/en\/\">https:\/\/www.joensuunkameraseura.fi<\/a><\/p>\n\n\n\n<p>Facebook: <a href=\"https:\/\/www.facebook.com\/groups\/193664777381461\/\" target=\"_blank\" rel=\"noopener\">https:\/\/www.facebook.com\/groups\/193664777381461\/<\/a><\/p>\n\n\n\n<p>Flomembers: <a href=\"https:\/\/www.flomembers.com\/joensuun-kameraseura\" target=\"_blank\" rel=\"noopener\">https:\/\/www.flomembers.com\/joensuun-kameraseura<\/a><\/p>\n\n\n\n<p>Voit j\u00e4tt\u00e4\u00e4 meille my\u00f6s <a href=\"https:\/\/joensuunkameraseura.fi\/en\/palaute\/\" data-type=\"link\" data-id=\"https:\/\/joensuunkameraseura.fi\/palaute\/\">palautetta<\/a>.<\/p>\n\n\n\n<p><\/p>","protected":false},"excerpt":{"rendered":"<p>S\u00e4hk\u00f6posti: joensuunkameraseura (at) gmail.com Nettisivut: https:\/\/www.joensuunkameraseura.fi Facebook: https:\/\/www.facebook.com\/groups\/193664777381461\/ Flomembers: https:\/\/www.flomembers.com\/joensuun-kameraseura Voit j\u00e4tt\u00e4\u00e4 meille my\u00f6s palautetta.<\/p>","protected":false},"author":3,"featured_media":0,"parent":0,"menu_order":0,"comment_status":"closed","ping_status":"closed","template":"","meta":{"ngg_post_thumbnail":0,"footnotes":""},"class_list":["post-113","page","type-page","status-publish","hentry"],"_links":{"self":[{"href":"https:\/\/joensuunkameraseura.fi\/en\/wp-json\/wp\/v2\/pages\/113","targetHints":{"allow":["GET"]}}],"collection":[{"href":"https:\/\/joensuunkameraseura.fi\/en\/wp-json\/wp\/v2\/pages"}],"about":[{"href":"https:\/\/joensuunkameraseura.fi\/en\/wp-json\/wp\/v2\/types\/page"}],"author":[{"embeddable":true,"href":"https:\/\/joensuunkameraseura.fi\/en\/wp-json\/wp\/v2\/users\/3"}],"replies":[{"embeddable":true,"href":"https:\/\/joensuunkameraseura.fi\/en\/wp-json\/wp\/v2\/comments?post=113"}],"version-history":[{"count":3,"href":"https:\/\/joensuunkameraseura.fi\/en\/wp-json\/wp\/v2\/pages\/113\/revisions"}],"predecessor-version":[{"id":1039,"href":"https:\/\/joensuunkameraseura.fi\/en\/wp-json\/wp\/v2\/pages\/113\/revisions\/1039"}],"wp:attachment":[{"href":"https:\/\/joensuunkameraseura.fi\/en\/wp-json\/wp\/v2\/media?parent=113"}],"curies":[{"name":"wp","href":"https:\/\/api.w.org\/{rel}","templated":true}]}}